{"id":7,"date":"2021-10-29T21:33:01","date_gmt":"2021-10-30T00:33:01","guid":{"rendered":"http:\/\/www.praxis.pro.br\/?page_id=7"},"modified":"2023-12-29T17:57:43","modified_gmt":"2023-12-29T20:57:43","slug":"contato","status":"publish","type":"page","link":"https:\/\/www.praxis.pro.br\/?page_id=7","title":{"rendered":"Contato"},"content":{"rendered":"\r\n<p><strong><img loading=\"lazy\" decoding=\"async\" class=\"wp-image-47 alignleft\" src=\"https:\/\/www.praxis.pro.br\/wp-content\/uploads\/2021\/10\/faleconosco-300x74.png\" alt=\"\" width=\"178\" height=\"44\" srcset=\"https:\/\/www.praxis.pro.br\/wp-content\/uploads\/2021\/10\/faleconosco-300x74.png 300w, https:\/\/www.praxis.pro.br\/wp-content\/uploads\/2021\/10\/faleconosco.png 640w\" sizes=\"auto, (max-width: 178px) 100vw, 178px\" \/><\/strong><\/p>\r\n<p><strong>Queremos te ouvir!<\/strong><\/p>\r\n<p>&nbsp;<\/p>\r\n<p>Envie suas sugest\u00f5es, d\u00favidas e coment\u00e1rios para <a href=\"mailto:pt@praxis.pro.br\">pt@praxis.pro.br<\/a><\/p>\r\n<p>Assim que poss\u00edvel retornaremos seu contato.<\/p>\r\n<p><strong>Equipe Praxis<\/strong><\/p>\r\n","protected":false},"excerpt":{"rendered":"<p>Queremos te ouvir! &nbsp; Envie suas sugest\u00f5es, d\u00favidas e coment\u00e1rios para pt@praxis.pro.br Assim que poss\u00edvel retornaremos seu contato. Equipe Praxis<\/p>\n","protected":false},"author":1,"featured_media":0,"parent":0,"menu_order":0,"comment_status":"closed","ping_status":"closed","template":"","meta":{"footnotes":""},"class_list":["post-7","page","type-page","status-publish","hentry"],"_links":{"self":[{"href":"https:\/\/www.praxis.pro.br\/index.php?rest_route=\/wp\/v2\/pages\/7","targetHints":{"allow":["GET"]}}],"collection":[{"href":"https:\/\/www.praxis.pro.br\/index.php?rest_route=\/wp\/v2\/pages"}],"about":[{"href":"https:\/\/www.praxis.pro.br\/index.php?rest_route=\/wp\/v2\/types\/page"}],"author":[{"embeddable":true,"href":"https:\/\/www.praxis.pro.br\/index.php?rest_route=\/wp\/v2\/users\/1"}],"replies":[{"embeddable":true,"href":"https:\/\/www.praxis.pro.br\/index.php?rest_route=%2Fwp%2Fv2%2Fcomments&post=7"}],"version-history":[{"count":12,"href":"https:\/\/www.praxis.pro.br\/index.php?rest_route=\/wp\/v2\/pages\/7\/revisions"}],"predecessor-version":[{"id":174,"href":"https:\/\/www.praxis.pro.br\/index.php?rest_route=\/wp\/v2\/pages\/7\/revisions\/174"}],"wp:attachment":[{"href":"https:\/\/www.praxis.pro.br\/index.php?rest_route=%2Fwp%2Fv2%2Fmedia&parent=7"}],"curies":[{"name":"wp","href":"https:\/\/api.w.org\/{rel}","templated":true}]}}